

{"id":190,"date":"2015-01-14T09:42:25","date_gmt":"2015-01-14T09:42:25","guid":{"rendered":"http:\/\/newsmartwave.net\/wordpress\/porto\/dummy\/?page_id=190"},"modified":"2017-11-04T15:25:24","modified_gmt":"2017-11-04T21:25:24","slug":"mantenimiento-equipo-medico","status":"publish","type":"page","link":"https:\/\/www.oximedic.com.mx\/index.php\/mantenimiento-equipo-medico\/","title":{"rendered":"Mantenimiento equipo m\u00e9dico"},"content":{"rendered":"<p>[vc_row top_padding=&#8221;5%&#8221; bottom_padding=&#8221;5%&#8221;][vc_column width=&#8221;2\/3&#8243;][vc_column_text]<\/p>\n<h2>Servicio de Mantenimiento.<\/h2>\n<p>El <strong>trabajo<\/strong> realizado sobre el <strong>equipo<\/strong> es para verificar que cumple con los requerimientos de seguridad establecidos para su buen<strong> funcionamiento<\/strong>.<\/p>\n<p>Mant\u00e9n siempre tus equipos en \u00f3ptimas condiciones para tu seguridad y la de tus pacientes. Contamos con un \u00e1rea especializada para resolver tus desperfectos con personal altamente capacitado y dispuesto a ayudarte siempre que lo necesites.<\/p>\n<p>Adem\u00e1s, en tus reparaciones extendemos una garant\u00eda con la que t\u00fa y tu familia estar\u00e1n a\u00fan m\u00e1s confiados de haber recibido un trabajo de calidad.[\/vc_column_text][vc_row_inner][vc_column_inner width=&#8221;1\/2&#8243;]<div class=\"box clearfix style-2 wpb_content_element align-left \" style=\"padding: 40px 40px 40px 40px; \">\n<h2>Mantenimiento Preventivo<\/h2>\n<p>Es una inspecci\u00f3n peri\u00f3dica, que incluye limpieza, lubricaci\u00f3n, Ajuste de componentes que pudieran fallar o alterar el estado operacional del equipo antes de su pr\u00f3xima inspecci\u00f3n.<\/p>\n<p>Adem\u00e1s debemos agregar que el mantenimiento preventivo en general se ocupa en la determinaci\u00f3n de condiciones de durabilidad y confiabilidad de un equipo.<\/div>[\/vc_column_inner][vc_column_inner width=&#8221;1\/2&#8243;]<div class=\"box clearfix style-1 wpb_content_element align-left \" style=\"padding: 40px 40px 40px 40px; \">\n<h2>Mantenimiento Correctivo<\/h2>\n<p>Es el trabajo realizado sobre un equipo \u00f3 parte para restaurar su estado operacional mediante el remplazo de componentes defectuosos, para su buen funcionamiento. No es planificado se lleva a cabo a partir del reporte que hace el usuario.<\/div>[\/vc_column_inner][\/vc_row_inner]<div class=\"toggle\"><div class=\"toggle-title \">Referencia de precios (Preventivo - Correctivo)<\/div><div class=\"toggle-inner\"><p><strong>Equipo:<\/strong> Aspirador | <strong>Revisi\u00f3n:<\/strong> $150.00 | <strong>Mantenimiento Preventivo:<\/strong> $350.00<\/p>\n<p><strong>Equipo:<\/strong>\u00a0Cama el\u00e9ctrica o manual | <strong>Revisi\u00f3n:<\/strong> $300.00 | <strong>Mantenimiento Preventivo:<\/strong> $800.00<\/p>\n<p><strong>Equipo:<\/strong>\u00a0Concentrador de O2\u00a0| <strong>Revisi\u00f3n:<\/strong> $350.00 | <strong>Mantenimiento Preventivo:<\/strong> $1,000.00<\/p>\n<p><strong>Equipo:<\/strong>\u00a0Gr\u00faa hidr\u00e1ulica \/ El\u00e9ctrica\u00a0| <strong>Revisi\u00f3n:<\/strong> $350.00 | <strong>Mantenimiento Preventivo:<\/strong> $800.00<\/p>\n<p><strong>Equipo:<\/strong>\u00a0Nebulizador | <strong>Revisi\u00f3n:<\/strong> $150.00 | <strong>Mantenimiento Preventivo:<\/strong> $350.00<\/p>\n<p><strong>Equipo:<\/strong>\u00a0Regulador de O2 | <strong>Revisi\u00f3n:<\/strong> $150.00 | <strong>Mantenimiento Preventivo:<\/strong>\u00a0Se cotizar\u00e1<\/p>\n<p><strong>Equipo:<\/strong>\u00a0Silla de Ruedas | <strong>Revisi\u00f3n:<\/strong> $150.00 | <strong>Mantenimiento Preventivo:<\/strong> $600.00<\/p>\n<p><strong>Equipo:<\/strong>\u00a0Scooter \/ Silla de ruedas el\u00e9ctrica| <strong>Revisi\u00f3n:<\/strong>$550.00 | <strong>Mantenimiento Preventivo:<\/strong> $1,000.00<\/p>\n<p><strong>Equipo:<\/strong>\u00a0Autoclave | <strong>Revisi\u00f3n:<\/strong> $550.00 | <strong>Mantenimiento Preventivo:<\/strong> $1,000.00<\/p><\/div><\/div>[vc_column_text]<\/p>\n<blockquote><p>Si el equipo requiere de reparaci\u00f3n se cotizara las refacciones y mano de obra.\u00a0En caso de que el cliente Autorice la reparaci\u00f3n, la revisi\u00f3n no tendr\u00e1 costo.<\/p><\/blockquote>\n<p>[\/vc_column_text][\/vc_column][vc_column width=&#8221;1\/3&#8243;]<h2 class=\"headline font-inherit fontsize-m fontweight-700 lh-inherit align-left transform-inherit \" style=\"margin: 0 0 0 0; color: #1e73be;\">Solicitar una cotizaci\u00f3n<\/h2><div role=\"form\" class=\"wpcf7\" id=\"wpcf7-f4281-o1\" lang=\"es-MX\" dir=\"ltr\">\n<div class=\"screen-reader-response\"><p role=\"status\" aria-live=\"polite\" aria-atomic=\"true\"><\/p> <ul><\/ul><\/div>\n<form action=\"\/index.php\/wp-json\/wp\/v2\/pages\/190#wpcf7-f4281-o1\" method=\"post\" class=\"wpcf7-form init\" novalidate=\"novalidate\" data-status=\"init\">\n<div style=\"display: none;\">\n<input type=\"hidden\" name=\"_wpcf7\" value=\"4281\" \/>\n<input type=\"hidden\" name=\"_wpcf7_version\" value=\"5.6.3\" \/>\n<input type=\"hidden\" name=\"_wpcf7_locale\" value=\"es_MX\" \/>\n<input type=\"hidden\" name=\"_wpcf7_unit_tag\" value=\"wpcf7-f4281-o1\" \/>\n<input type=\"hidden\" name=\"_wpcf7_container_post\" value=\"0\" \/>\n<input type=\"hidden\" name=\"_wpcf7_posted_data_hash\" value=\"\" \/>\n<\/div>\n<p>Nombre (Requerido)<br \/>\n    <span class=\"wpcf7-form-control-wrap\" data-name=\"your-name\"><input type=\"text\" name=\"your-name\" value=\"\" size=\"40\" class=\"wpcf7-form-control wpcf7-text wpcf7-validates-as-required\" aria-required=\"true\" aria-invalid=\"false\" \/><\/span> <\/p>\n<p>Email (Requerido)<br \/>\n    <span class=\"wpcf7-form-control-wrap\" data-name=\"your-email\"><input type=\"email\" name=\"your-email\" value=\"\" size=\"40\" class=\"wpcf7-form-control wpcf7-text wpcf7-email wpcf7-validates-as-required wpcf7-validates-as-email\" aria-required=\"true\" aria-invalid=\"false\" \/><\/span> <\/p>\n<p>Seleccione el tipo de consulta (Requerido)<\/p>\n<p>    <span class=\"wpcf7-form-control-wrap\" data-name=\"checkbox-service\"><span class=\"wpcf7-form-control wpcf7-checkbox wpcf7-validates-as-required\"><span class=\"wpcf7-list-item first\"><span class=\"wpcf7-list-item-label\">Renta de equipos<\/span><input type=\"checkbox\" name=\"checkbox-service[]\" value=\"Renta de equipos\" \/><\/span><span class=\"wpcf7-list-item\"><span class=\"wpcf7-list-item-label\">Venta de equipos<\/span><input type=\"checkbox\" name=\"checkbox-service[]\" value=\"Venta de equipos\" \/><\/span><span class=\"wpcf7-list-item\"><span class=\"wpcf7-list-item-label\">Consulta<\/span><input type=\"checkbox\" name=\"checkbox-service[]\" value=\"Consulta\" \/><\/span><span class=\"wpcf7-list-item\"><span class=\"wpcf7-list-item-label\">Servicio T\u00e9cnico<\/span><input type=\"checkbox\" name=\"checkbox-service[]\" value=\"Servicio T\u00e9cnico\" \/><\/span><span class=\"wpcf7-list-item\"><span class=\"wpcf7-list-item-label\">Reparaci\u00f3n<\/span><input type=\"checkbox\" name=\"checkbox-service[]\" value=\"Reparaci\u00f3n\" \/><\/span><span class=\"wpcf7-list-item last\"><span class=\"wpcf7-list-item-label\">Otro<\/span><input type=\"checkbox\" name=\"checkbox-service[]\" value=\"Otro\" \/><\/span><\/span><\/span> <\/p>\n<p>Informaci\u00f3n adicional<br \/>\n    <span class=\"wpcf7-form-control-wrap\" data-name=\"your-message\"><textarea name=\"your-message\" cols=\"40\" rows=\"10\" class=\"wpcf7-form-control wpcf7-textarea\" aria-invalid=\"false\"><\/textarea><\/span> <\/p>\n<p><input type=\"submit\" value=\"Enviar\" class=\"wpcf7-form-control has-spinner wpcf7-submit\" \/><\/p>\n<div class=\"wpcf7-response-output\" aria-hidden=\"true\"><\/div><\/form><\/div>[\/vc_column][\/vc_row]<\/p>\n","protected":false},"excerpt":{"rendered":"<p>[vc_row top_padding=&#8221;5%&#8221; bottom_padding=&#8221;5%&#8221;][vc_column width=&#8221;2\/3&#8243;][vc_column_text] Servicio de Mantenimiento. El trabajo realizado sobre el equipo es para verificar que cumple con los requerimientos de seguridad establecidos para su buen funcionamiento. Mant\u00e9n siempre tus equipos en \u00f3ptimas condiciones para tu seguridad y la de tus pacientes. Contamos con un \u00e1rea especializada para resolver tus desperfectos con personal altamente capacitado y dispuesto a ayudarte siempre que lo necesites. Adem\u00e1s, en tus reparaciones extendemos una garant\u00eda con la que t\u00fa y tu familia estar\u00e1n a\u00fan m\u00e1s confiados de haber recibido un trabajo de calidad.[\/vc_column_text][vc_row_inner][vc_column_inner width=&#8221;1\/2&#8243;][\/vc_column_inner][vc_column_inner width=&#8221;1\/2&#8243;][\/vc_column_inner][\/vc_row_inner][vc_column_text] Si el equipo requiere de reparaci\u00f3n se cotizara las refacciones y mano de obra.\u00a0En caso de que el cliente Autorice la reparaci\u00f3n, la revisi\u00f3n no tendr\u00e1 costo. [\/vc_column_text][\/vc_column][vc_column width=&#8221;1\/3&#8243;][\/vc_column][\/vc_row]<\/p>\n","protected":false},"author":1,"featured_media":0,"parent":0,"menu_order":0,"comment_status":"open","ping_status":"open","template":"","meta":[],"_links":{"self":[{"href":"https:\/\/www.oximedic.com.mx\/index.php\/wp-json\/wp\/v2\/pages\/190"}],"collection":[{"href":"https:\/\/www.oximedic.com.mx\/index.php\/wp-json\/wp\/v2\/pages"}],"about":[{"href":"https:\/\/www.oximedic.com.mx\/index.php\/wp-json\/wp\/v2\/types\/page"}],"author":[{"embeddable":true,"href":"https:\/\/www.oximedic.com.mx\/index.php\/wp-json\/wp\/v2\/users\/1"}],"replies":[{"embeddable":true,"href":"https:\/\/www.oximedic.com.mx\/index.php\/wp-json\/wp\/v2\/comments?post=190"}],"version-history":[{"count":0,"href":"https:\/\/www.oximedic.com.mx\/index.php\/wp-json\/wp\/v2\/pages\/190\/revisions"}],"wp:attachment":[{"href":"https:\/\/www.oximedic.com.mx\/index.php\/wp-json\/wp\/v2\/media?parent=190"}],"curies":[{"name":"wp","href":"https:\/\/api.w.org\/{rel}","templated":true}]}}