

{"id":3918,"date":"2015-10-24T13:09:44","date_gmt":"2015-10-24T19:09:44","guid":{"rendered":"http:\/\/www.customysite.com\/demo\/medirenta\/index.php\/services-3\/"},"modified":"2017-11-04T15:22:43","modified_gmt":"2017-11-04T21:22:43","slug":"ambulancia-24-7","status":"publish","type":"page","link":"https:\/\/www.oximedic.com.mx\/index.php\/ambulancia-24-7\/","title":{"rendered":"Servicio de Ambulancia"},"content":{"rendered":"<p>[vc_row][vc_column width=&#8221;2\/3&#8243;][vc_column_text]<\/p>\n<h2>Servicio de Ambulancia<\/h2>\n<p>Contamos con un equipo de ambulancias afiliadas a nuestra compa\u00f1\u00eda que le podr\u00e1n proporcionar el servicio de ox\u00edgeno de urgencia las 24 Hrs del d\u00eda.<\/p>\n<p>Adicional a esto, el servicio incluye una revisi\u00f3n al paciente por uno de los param\u00e9dicos, quien hara un chequeo general de las condiciones del paciente y esperar\u00e1 hasta que se restablezca.<\/p>\n<p>\u00a1Por eso y mucho m\u00e1s somos tu mejor opci\u00f3n![\/vc_column_text]<a href=\"tel:%20018000242655\" target=\"_self\" class=\"button button-appear custom medium \" style=\"background-color: #ff0000; border-color: #ff0000;border-radius: 2px;\"><span>Llamar una Ambulancia<i class='fa fa-phone'><\/i><\/span><\/a>[\/vc_column][vc_column width=&#8221;1\/3&#8243;]<div role=\"form\" class=\"wpcf7\" id=\"wpcf7-f4281-o1\" lang=\"es-MX\" dir=\"ltr\">\n<div class=\"screen-reader-response\"><p role=\"status\" aria-live=\"polite\" aria-atomic=\"true\"><\/p> <ul><\/ul><\/div>\n<form action=\"\/index.php\/wp-json\/wp\/v2\/pages\/3918#wpcf7-f4281-o1\" method=\"post\" class=\"wpcf7-form init\" novalidate=\"novalidate\" data-status=\"init\">\n<div style=\"display: none;\">\n<input type=\"hidden\" name=\"_wpcf7\" value=\"4281\" \/>\n<input type=\"hidden\" name=\"_wpcf7_version\" value=\"5.6.3\" \/>\n<input type=\"hidden\" name=\"_wpcf7_locale\" value=\"es_MX\" \/>\n<input type=\"hidden\" name=\"_wpcf7_unit_tag\" value=\"wpcf7-f4281-o1\" \/>\n<input type=\"hidden\" name=\"_wpcf7_container_post\" value=\"0\" \/>\n<input type=\"hidden\" name=\"_wpcf7_posted_data_hash\" value=\"\" \/>\n<\/div>\n<p>Nombre (Requerido)<br \/>\n    <span class=\"wpcf7-form-control-wrap\" data-name=\"your-name\"><input type=\"text\" name=\"your-name\" value=\"\" size=\"40\" class=\"wpcf7-form-control wpcf7-text wpcf7-validates-as-required\" aria-required=\"true\" aria-invalid=\"false\" \/><\/span> <\/p>\n<p>Email (Requerido)<br \/>\n    <span class=\"wpcf7-form-control-wrap\" data-name=\"your-email\"><input type=\"email\" name=\"your-email\" value=\"\" size=\"40\" class=\"wpcf7-form-control wpcf7-text wpcf7-email wpcf7-validates-as-required wpcf7-validates-as-email\" aria-required=\"true\" aria-invalid=\"false\" \/><\/span> <\/p>\n<p>Seleccione el tipo de consulta (Requerido)<\/p>\n<p>    <span class=\"wpcf7-form-control-wrap\" data-name=\"checkbox-service\"><span class=\"wpcf7-form-control wpcf7-checkbox wpcf7-validates-as-required\"><span class=\"wpcf7-list-item first\"><span class=\"wpcf7-list-item-label\">Renta de equipos<\/span><input type=\"checkbox\" name=\"checkbox-service[]\" value=\"Renta de equipos\" \/><\/span><span class=\"wpcf7-list-item\"><span class=\"wpcf7-list-item-label\">Venta de equipos<\/span><input type=\"checkbox\" name=\"checkbox-service[]\" value=\"Venta de equipos\" \/><\/span><span class=\"wpcf7-list-item\"><span class=\"wpcf7-list-item-label\">Consulta<\/span><input type=\"checkbox\" name=\"checkbox-service[]\" value=\"Consulta\" \/><\/span><span class=\"wpcf7-list-item\"><span class=\"wpcf7-list-item-label\">Servicio T\u00e9cnico<\/span><input type=\"checkbox\" name=\"checkbox-service[]\" value=\"Servicio T\u00e9cnico\" \/><\/span><span class=\"wpcf7-list-item\"><span class=\"wpcf7-list-item-label\">Reparaci\u00f3n<\/span><input type=\"checkbox\" name=\"checkbox-service[]\" value=\"Reparaci\u00f3n\" \/><\/span><span class=\"wpcf7-list-item last\"><span class=\"wpcf7-list-item-label\">Otro<\/span><input type=\"checkbox\" name=\"checkbox-service[]\" value=\"Otro\" \/><\/span><\/span><\/span> <\/p>\n<p>Informaci\u00f3n adicional<br \/>\n    <span class=\"wpcf7-form-control-wrap\" data-name=\"your-message\"><textarea name=\"your-message\" cols=\"40\" rows=\"10\" class=\"wpcf7-form-control wpcf7-textarea\" aria-invalid=\"false\"><\/textarea><\/span> <\/p>\n<p><input type=\"submit\" value=\"Enviar\" class=\"wpcf7-form-control has-spinner wpcf7-submit\" \/><\/p>\n<div class=\"wpcf7-response-output\" aria-hidden=\"true\"><\/div><\/form><\/div>[\/vc_column][\/vc_row]<\/p>\n","protected":false},"excerpt":{"rendered":"<p>[vc_row][vc_column width=&#8221;2\/3&#8243;][vc_column_text] Servicio de Ambulancia Contamos con un equipo de ambulancias afiliadas a nuestra compa\u00f1\u00eda que le podr\u00e1n proporcionar el servicio de ox\u00edgeno de urgencia las 24 Hrs del d\u00eda. Adicional a esto, el servicio incluye una revisi\u00f3n al paciente por uno de los param\u00e9dicos, quien hara un chequeo general de las condiciones del paciente y esperar\u00e1 hasta que se restablezca. \u00a1Por eso y mucho m\u00e1s somos tu mejor opci\u00f3n![\/vc_column_text][\/vc_column][vc_column width=&#8221;1\/3&#8243;][\/vc_column][\/vc_row]<\/p>\n","protected":false},"author":1,"featured_media":0,"parent":0,"menu_order":0,"comment_status":"open","ping_status":"open","template":"","meta":[],"_links":{"self":[{"href":"https:\/\/www.oximedic.com.mx\/index.php\/wp-json\/wp\/v2\/pages\/3918"}],"collection":[{"href":"https:\/\/www.oximedic.com.mx\/index.php\/wp-json\/wp\/v2\/pages"}],"about":[{"href":"https:\/\/www.oximedic.com.mx\/index.php\/wp-json\/wp\/v2\/types\/page"}],"author":[{"embeddable":true,"href":"https:\/\/www.oximedic.com.mx\/index.php\/wp-json\/wp\/v2\/users\/1"}],"replies":[{"embeddable":true,"href":"https:\/\/www.oximedic.com.mx\/index.php\/wp-json\/wp\/v2\/comments?post=3918"}],"version-history":[{"count":0,"href":"https:\/\/www.oximedic.com.mx\/index.php\/wp-json\/wp\/v2\/pages\/3918\/revisions"}],"wp:attachment":[{"href":"https:\/\/www.oximedic.com.mx\/index.php\/wp-json\/wp\/v2\/media?parent=3918"}],"curies":[{"name":"wp","href":"https:\/\/api.w.org\/{rel}","templated":true}]}}