

{"id":3947,"date":"2015-10-24T14:12:03","date_gmt":"2015-10-24T20:12:03","guid":{"rendered":"http:\/\/www.customysite.com\/demo\/medirenta\/?post_type=product&#038;p=3947"},"modified":"2016-04-22T17:46:44","modified_gmt":"2016-04-22T23:46:44","slug":"cpap-respironics","status":"publish","type":"product","link":"https:\/\/www.oximedic.com.mx\/index.php\/producto\/cpap-respironics\/","title":{"rendered":"CPAP &#8211; Respironics"},"content":{"rendered":"","protected":false},"excerpt":{"rendered":"<p>Pensando en las necesidades de cada paciente, Respironics se ha dado a la tarea de ofrecer productos de vanguardia que van m\u00e1s all\u00e1 de un simple equipo m\u00e9dico, otorgando tambi\u00e9n est\u00e1ndares elevados en calidad y comodidad.<\/p>\n","protected":false},"featured_media":3980,"comment_status":"open","ping_status":"closed","template":"","meta":[],"product_cat":[115,110],"product_tag":[81],"_links":{"self":[{"href":"https:\/\/www.oximedic.com.mx\/index.php\/wp-json\/wp\/v2\/product\/3947"}],"collection":[{"href":"https:\/\/www.oximedic.com.mx\/index.php\/wp-json\/wp\/v2\/product"}],"about":[{"href":"https:\/\/www.oximedic.com.mx\/index.php\/wp-json\/wp\/v2\/types\/product"}],"replies":[{"embeddable":true,"href":"https:\/\/www.oximedic.com.mx\/index.php\/wp-json\/wp\/v2\/comments?post=3947"}],"wp:featuredmedia":[{"embeddable":true,"href":"https:\/\/www.oximedic.com.mx\/index.php\/wp-json\/wp\/v2\/media\/3980"}],"wp:attachment":[{"href":"https:\/\/www.oximedic.com.mx\/index.php\/wp-json\/wp\/v2\/media?parent=3947"}],"wp:term":[{"taxonomy":"product_cat","embeddable":true,"href":"https:\/\/www.oximedic.com.mx\/index.php\/wp-json\/wp\/v2\/product_cat?post=3947"},{"taxonomy":"product_tag","embeddable":true,"href":"https:\/\/www.oximedic.com.mx\/index.php\/wp-json\/wp\/v2\/product_tag?post=3947"}],"curies":[{"name":"wp","href":"https:\/\/api.w.org\/{rel}","templated":true}]}}