

{"id":3952,"date":"2015-11-03T09:35:49","date_gmt":"2015-11-03T15:35:49","guid":{"rendered":"http:\/\/www.customysite.com\/demo\/medirenta\/index.php\/producto\/silla-comodo-aluminio\/"},"modified":"2016-04-22T17:46:25","modified_gmt":"2016-04-22T23:46:25","slug":"silla-comodo-aluminio","status":"publish","type":"product","link":"https:\/\/www.oximedic.com.mx\/index.php\/producto\/silla-comodo-aluminio\/","title":{"rendered":"Silla Comodo Aluminio"},"content":{"rendered":"","protected":false},"excerpt":{"rendered":"<p>Pensando en las necesidades de cada paciente, Respironics se ha dado a la tarea de ofrecer productos de vanguardia que van m\u00e1s all\u00e1 de un simple equipo m\u00e9dico, otorgando tambi\u00e9n est\u00e1ndares elevados en calidad y comodidad.<\/p>\n","protected":false},"featured_media":3979,"comment_status":"open","ping_status":"closed","template":"","meta":[],"product_cat":[93,94],"product_tag":[119,81],"_links":{"self":[{"href":"https:\/\/www.oximedic.com.mx\/index.php\/wp-json\/wp\/v2\/product\/3952"}],"collection":[{"href":"https:\/\/www.oximedic.com.mx\/index.php\/wp-json\/wp\/v2\/product"}],"about":[{"href":"https:\/\/www.oximedic.com.mx\/index.php\/wp-json\/wp\/v2\/types\/product"}],"replies":[{"embeddable":true,"href":"https:\/\/www.oximedic.com.mx\/index.php\/wp-json\/wp\/v2\/comments?post=3952"}],"wp:featuredmedia":[{"embeddable":true,"href":"https:\/\/www.oximedic.com.mx\/index.php\/wp-json\/wp\/v2\/media\/3979"}],"wp:attachment":[{"href":"https:\/\/www.oximedic.com.mx\/index.php\/wp-json\/wp\/v2\/media?parent=3952"}],"wp:term":[{"taxonomy":"product_cat","embeddable":true,"href":"https:\/\/www.oximedic.com.mx\/index.php\/wp-json\/wp\/v2\/product_cat?post=3952"},{"taxonomy":"product_tag","embeddable":true,"href":"https:\/\/www.oximedic.com.mx\/index.php\/wp-json\/wp\/v2\/product_tag?post=3952"}],"curies":[{"name":"wp","href":"https:\/\/api.w.org\/{rel}","templated":true}]}}