

{"id":3961,"date":"2015-11-03T10:09:36","date_gmt":"2015-11-03T16:09:36","guid":{"rendered":"http:\/\/www.customysite.com\/demo\/medirenta\/index.php\/producto\/bateria-para-scooter-marca-yuasa\/"},"modified":"2016-04-22T17:46:06","modified_gmt":"2016-04-22T23:46:06","slug":"bateria-para-scooter-marca-yuasa","status":"publish","type":"product","link":"https:\/\/www.oximedic.com.mx\/index.php\/producto\/bateria-para-scooter-marca-yuasa\/","title":{"rendered":"Bater\u00eda para Scooter marca Yuasa 18AMP"},"content":{"rendered":"","protected":false},"excerpt":{"rendered":"<p>Bater\u00eda para scooter marca Yuasa, para mejorar la calidad de vida de pacientes con incapacidades especiales. Si requiere el cambio de bater\u00eda por nuestro personal t\u00e9cnico tendr\u00e1 un costo adicional de $350.00 M.N.<\/p>\n<p>Ll\u00e1menos para consultar el precio vigente.<\/p>\n","protected":false},"featured_media":3977,"comment_status":"open","ping_status":"closed","template":"","meta":[],"product_cat":[85,91],"product_tag":[81],"_links":{"self":[{"href":"https:\/\/www.oximedic.com.mx\/index.php\/wp-json\/wp\/v2\/product\/3961"}],"collection":[{"href":"https:\/\/www.oximedic.com.mx\/index.php\/wp-json\/wp\/v2\/product"}],"about":[{"href":"https:\/\/www.oximedic.com.mx\/index.php\/wp-json\/wp\/v2\/types\/product"}],"replies":[{"embeddable":true,"href":"https:\/\/www.oximedic.com.mx\/index.php\/wp-json\/wp\/v2\/comments?post=3961"}],"wp:featuredmedia":[{"embeddable":true,"href":"https:\/\/www.oximedic.com.mx\/index.php\/wp-json\/wp\/v2\/media\/3977"}],"wp:attachment":[{"href":"https:\/\/www.oximedic.com.mx\/index.php\/wp-json\/wp\/v2\/media?parent=3961"}],"wp:term":[{"taxonomy":"product_cat","embeddable":true,"href":"https:\/\/www.oximedic.com.mx\/index.php\/wp-json\/wp\/v2\/product_cat?post=3961"},{"taxonomy":"product_tag","embeddable":true,"href":"https:\/\/www.oximedic.com.mx\/index.php\/wp-json\/wp\/v2\/product_tag?post=3961"}],"curies":[{"name":"wp","href":"https:\/\/api.w.org\/{rel}","templated":true}]}}