

{"id":3969,"date":"2015-11-03T10:25:02","date_gmt":"2015-11-03T16:25:02","guid":{"rendered":"http:\/\/www.customysite.com\/demo\/medirenta\/index.php\/producto\/colchon-viscoelastico-antiescaras\/"},"modified":"2016-04-22T17:45:25","modified_gmt":"2016-04-22T23:45:25","slug":"colchon-viscoelastico-antiescaras","status":"publish","type":"product","link":"https:\/\/www.oximedic.com.mx\/index.php\/producto\/colchon-viscoelastico-antiescaras\/","title":{"rendered":"Colch\u00f3n Viscoel\u00e1stico Antiescaras"},"content":{"rendered":"","protected":false},"excerpt":{"rendered":"<p>Es la alternativa perfecta para pacientes de larga estancia debido a la implementaci\u00f3n de la espuma Viscoel\u00e1stica (Memoryfoam)en su estructura, el colch\u00f3n antiescaras distribuye de forma equitativa el peso de la persona y aminora la presi\u00f3n sobre la piel, gracias a su dise\u00f1o, se adapta perfectamente a la anatom\u00eda del paciente, ademas de contener 2 capas inferiores de espuma de poliuretano de alta densidad que dab firmeza al colch\u00f3n y lo hacen mas durarero y confortable.<\/p>\n","protected":false},"featured_media":3971,"comment_status":"open","ping_status":"closed","template":"","meta":[],"product_cat":[86,87],"product_tag":[81],"_links":{"self":[{"href":"https:\/\/www.oximedic.com.mx\/index.php\/wp-json\/wp\/v2\/product\/3969"}],"collection":[{"href":"https:\/\/www.oximedic.com.mx\/index.php\/wp-json\/wp\/v2\/product"}],"about":[{"href":"https:\/\/www.oximedic.com.mx\/index.php\/wp-json\/wp\/v2\/types\/product"}],"replies":[{"embeddable":true,"href":"https:\/\/www.oximedic.com.mx\/index.php\/wp-json\/wp\/v2\/comments?post=3969"}],"wp:featuredmedia":[{"embeddable":true,"href":"https:\/\/www.oximedic.com.mx\/index.php\/wp-json\/wp\/v2\/media\/3971"}],"wp:attachment":[{"href":"https:\/\/www.oximedic.com.mx\/index.php\/wp-json\/wp\/v2\/media?parent=3969"}],"wp:term":[{"taxonomy":"product_cat","embeddable":true,"href":"https:\/\/www.oximedic.com.mx\/index.php\/wp-json\/wp\/v2\/product_cat?post=3969"},{"taxonomy":"product_tag","embeddable":true,"href":"https:\/\/www.oximedic.com.mx\/index.php\/wp-json\/wp\/v2\/product_tag?post=3969"}],"curies":[{"name":"wp","href":"https:\/\/api.w.org\/{rel}","templated":true}]}}