

{"id":4001,"date":"2015-11-03T11:16:17","date_gmt":"2015-11-03T17:16:17","guid":{"rendered":"http:\/\/www.customysite.com\/demo\/medirenta\/index.php\/producto\/cojin-mediano\/"},"modified":"2016-04-22T17:43:33","modified_gmt":"2016-04-22T23:43:33","slug":"cojin-mediano","status":"publish","type":"product","link":"https:\/\/www.oximedic.com.mx\/index.php\/producto\/cojin-mediano\/","title":{"rendered":"Coj\u00edn Mediano"},"content":{"rendered":"","protected":false},"excerpt":{"rendered":"<p>Es un coj\u00edn multifuncional de tama\u00f1o mediano se usa como complemento de almohadas tradicionales para ofrecer un mayor soporte en la zona de la cabeza. Es de tama\u00f1o mediano.<\/p>\n","protected":false},"featured_media":4002,"comment_status":"open","ping_status":"closed","template":"","meta":[],"product_cat":[86,90],"product_tag":[81],"_links":{"self":[{"href":"https:\/\/www.oximedic.com.mx\/index.php\/wp-json\/wp\/v2\/product\/4001"}],"collection":[{"href":"https:\/\/www.oximedic.com.mx\/index.php\/wp-json\/wp\/v2\/product"}],"about":[{"href":"https:\/\/www.oximedic.com.mx\/index.php\/wp-json\/wp\/v2\/types\/product"}],"replies":[{"embeddable":true,"href":"https:\/\/www.oximedic.com.mx\/index.php\/wp-json\/wp\/v2\/comments?post=4001"}],"wp:featuredmedia":[{"embeddable":true,"href":"https:\/\/www.oximedic.com.mx\/index.php\/wp-json\/wp\/v2\/media\/4002"}],"wp:attachment":[{"href":"https:\/\/www.oximedic.com.mx\/index.php\/wp-json\/wp\/v2\/media?parent=4001"}],"wp:term":[{"taxonomy":"product_cat","embeddable":true,"href":"https:\/\/www.oximedic.com.mx\/index.php\/wp-json\/wp\/v2\/product_cat?post=4001"},{"taxonomy":"product_tag","embeddable":true,"href":"https:\/\/www.oximedic.com.mx\/index.php\/wp-json\/wp\/v2\/product_tag?post=4001"}],"curies":[{"name":"wp","href":"https:\/\/api.w.org\/{rel}","templated":true}]}}