

{"id":4006,"date":"2015-11-03T11:19:23","date_gmt":"2015-11-03T17:19:23","guid":{"rendered":"http:\/\/www.customysite.com\/demo\/medirenta\/index.php\/producto\/cojin-mini-dona\/"},"modified":"2016-04-22T17:43:04","modified_gmt":"2016-04-22T23:43:04","slug":"cojin-mini-dona","status":"publish","type":"product","link":"https:\/\/www.oximedic.com.mx\/index.php\/producto\/cojin-mini-dona\/","title":{"rendered":"Coj\u00edn Mini Dona"},"content":{"rendered":"","protected":false},"excerpt":{"rendered":"<p>Los cojines dona son ideales <label>para<\/label> personas que sufren de dolor de coxis ya que est\u00e1n dise\u00f1ados para aliviar la <label>presi\u00f3n<\/label> sobre esta zona mientras est\u00e1s sentado. Los cojines dona est\u00e1n dise\u00f1ados ergon\u00f3micamente para redistribuir el peso con el fin de que no te apoyes sobre el coxis lastimado. Estos cojines los puede utilizar cualquier persona que padezca de hemorroides, sufra de dolor cox\u00edgeo, tenga una fractura de coxis, est\u00e9 embarazada, o tenga un dolor persistente del coxis como resultado del parto.<\/p>\n","protected":false},"featured_media":4007,"comment_status":"open","ping_status":"closed","template":"","meta":[],"product_cat":[86,90],"product_tag":[81],"_links":{"self":[{"href":"https:\/\/www.oximedic.com.mx\/index.php\/wp-json\/wp\/v2\/product\/4006"}],"collection":[{"href":"https:\/\/www.oximedic.com.mx\/index.php\/wp-json\/wp\/v2\/product"}],"about":[{"href":"https:\/\/www.oximedic.com.mx\/index.php\/wp-json\/wp\/v2\/types\/product"}],"replies":[{"embeddable":true,"href":"https:\/\/www.oximedic.com.mx\/index.php\/wp-json\/wp\/v2\/comments?post=4006"}],"wp:featuredmedia":[{"embeddable":true,"href":"https:\/\/www.oximedic.com.mx\/index.php\/wp-json\/wp\/v2\/media\/4007"}],"wp:attachment":[{"href":"https:\/\/www.oximedic.com.mx\/index.php\/wp-json\/wp\/v2\/media?parent=4006"}],"wp:term":[{"taxonomy":"product_cat","embeddable":true,"href":"https:\/\/www.oximedic.com.mx\/index.php\/wp-json\/wp\/v2\/product_cat?post=4006"},{"taxonomy":"product_tag","embeddable":true,"href":"https:\/\/www.oximedic.com.mx\/index.php\/wp-json\/wp\/v2\/product_tag?post=4006"}],"curies":[{"name":"wp","href":"https:\/\/api.w.org\/{rel}","templated":true}]}}