

{"id":4008,"date":"2015-11-03T11:20:42","date_gmt":"2015-11-03T17:20:42","guid":{"rendered":"http:\/\/www.customysite.com\/demo\/medirenta\/index.php\/producto\/cojin-respaldo-completo\/"},"modified":"2016-04-22T17:42:57","modified_gmt":"2016-04-22T23:42:57","slug":"cojin-respaldo-completo","status":"publish","type":"product","link":"https:\/\/www.oximedic.com.mx\/index.php\/producto\/cojin-respaldo-completo\/","title":{"rendered":"Coj\u00edn Respaldo Completo"},"content":{"rendered":"","protected":false},"excerpt":{"rendered":"<p>Este coj\u00edn funciona como respaldo en la zona lumbar y la espalda, es un soporte completo para mejorar el confort mientras est\u00e1 sentado, puede utilizarse durante labores de trabajo para mejorar la postura y aliviar padecimientos en la espalda.<\/p>\n","protected":false},"featured_media":4009,"comment_status":"open","ping_status":"closed","template":"","meta":[],"product_cat":[86,90],"product_tag":[81],"_links":{"self":[{"href":"https:\/\/www.oximedic.com.mx\/index.php\/wp-json\/wp\/v2\/product\/4008"}],"collection":[{"href":"https:\/\/www.oximedic.com.mx\/index.php\/wp-json\/wp\/v2\/product"}],"about":[{"href":"https:\/\/www.oximedic.com.mx\/index.php\/wp-json\/wp\/v2\/types\/product"}],"replies":[{"embeddable":true,"href":"https:\/\/www.oximedic.com.mx\/index.php\/wp-json\/wp\/v2\/comments?post=4008"}],"wp:featuredmedia":[{"embeddable":true,"href":"https:\/\/www.oximedic.com.mx\/index.php\/wp-json\/wp\/v2\/media\/4009"}],"wp:attachment":[{"href":"https:\/\/www.oximedic.com.mx\/index.php\/wp-json\/wp\/v2\/media?parent=4008"}],"wp:term":[{"taxonomy":"product_cat","embeddable":true,"href":"https:\/\/www.oximedic.com.mx\/index.php\/wp-json\/wp\/v2\/product_cat?post=4008"},{"taxonomy":"product_tag","embeddable":true,"href":"https:\/\/www.oximedic.com.mx\/index.php\/wp-json\/wp\/v2\/product_tag?post=4008"}],"curies":[{"name":"wp","href":"https:\/\/api.w.org\/{rel}","templated":true}]}}