

{"id":4016,"date":"2015-11-03T11:31:55","date_gmt":"2015-11-03T17:31:55","guid":{"rendered":"http:\/\/www.customysite.com\/demo\/medirenta\/index.php\/producto\/cojin-antiescaras-forever-combi\/"},"modified":"2016-04-22T17:42:19","modified_gmt":"2016-04-22T23:42:19","slug":"cojin-antiescaras-forever-combi","status":"publish","type":"product","link":"https:\/\/www.oximedic.com.mx\/index.php\/producto\/cojin-antiescaras-forever-combi\/","title":{"rendered":"Coj\u00edn Antiescaras Forever Combi"},"content":{"rendered":"","protected":false},"excerpt":{"rendered":"<p>Los cojines\u00a0de compresi\u00f3n son productos especiales para evitar el desarrollo y complicaci\u00f3n de las \u00falceras por presi\u00f3n, o dec\u00fabito.<\/p>\n<p>Los cojines\u00a0est\u00e1n certificados y aprobados por la CE (Comunidad Europea), FDA (Food and Drug Administration), GMP (Good Manufacturing Practice), KF&amp;DA (Korea Food and Drug Administration), ISO-13485 e ISO9001.<\/p>\n","protected":false},"featured_media":4017,"comment_status":"open","ping_status":"closed","template":"","meta":[],"product_cat":[86,90],"product_tag":[116,81],"_links":{"self":[{"href":"https:\/\/www.oximedic.com.mx\/index.php\/wp-json\/wp\/v2\/product\/4016"}],"collection":[{"href":"https:\/\/www.oximedic.com.mx\/index.php\/wp-json\/wp\/v2\/product"}],"about":[{"href":"https:\/\/www.oximedic.com.mx\/index.php\/wp-json\/wp\/v2\/types\/product"}],"replies":[{"embeddable":true,"href":"https:\/\/www.oximedic.com.mx\/index.php\/wp-json\/wp\/v2\/comments?post=4016"}],"wp:featuredmedia":[{"embeddable":true,"href":"https:\/\/www.oximedic.com.mx\/index.php\/wp-json\/wp\/v2\/media\/4017"}],"wp:attachment":[{"href":"https:\/\/www.oximedic.com.mx\/index.php\/wp-json\/wp\/v2\/media?parent=4016"}],"wp:term":[{"taxonomy":"product_cat","embeddable":true,"href":"https:\/\/www.oximedic.com.mx\/index.php\/wp-json\/wp\/v2\/product_cat?post=4016"},{"taxonomy":"product_tag","embeddable":true,"href":"https:\/\/www.oximedic.com.mx\/index.php\/wp-json\/wp\/v2\/product_tag?post=4016"}],"curies":[{"name":"wp","href":"https:\/\/api.w.org\/{rel}","templated":true}]}}