

{"id":4018,"date":"2015-11-03T11:35:10","date_gmt":"2015-11-03T17:35:10","guid":{"rendered":"http:\/\/www.customysite.com\/demo\/medirenta\/index.php\/producto\/cojin-de-aire-con-memory-foam\/"},"modified":"2016-04-22T17:42:09","modified_gmt":"2016-04-22T23:42:09","slug":"cojin-de-aire-con-memory-foam","status":"publish","type":"product","link":"https:\/\/www.oximedic.com.mx\/index.php\/producto\/cojin-de-aire-con-memory-foam\/","title":{"rendered":"Coj\u00edn de Aire con Memory Foam"},"content":{"rendered":"","protected":false},"excerpt":{"rendered":"<p>Los cojines\u00a0de compresi\u00f3n son productos especiales para evitar el desarrollo y complicaci\u00f3n de las \u00falceras por presi\u00f3n, o dec\u00fabito. Este coj\u00edn es auxiliar preventivo y para ulceras en etapa 1.<\/p>\n","protected":false},"featured_media":4019,"comment_status":"open","ping_status":"closed","template":"","meta":[],"product_cat":[86,90],"product_tag":[116,81],"_links":{"self":[{"href":"https:\/\/www.oximedic.com.mx\/index.php\/wp-json\/wp\/v2\/product\/4018"}],"collection":[{"href":"https:\/\/www.oximedic.com.mx\/index.php\/wp-json\/wp\/v2\/product"}],"about":[{"href":"https:\/\/www.oximedic.com.mx\/index.php\/wp-json\/wp\/v2\/types\/product"}],"replies":[{"embeddable":true,"href":"https:\/\/www.oximedic.com.mx\/index.php\/wp-json\/wp\/v2\/comments?post=4018"}],"wp:featuredmedia":[{"embeddable":true,"href":"https:\/\/www.oximedic.com.mx\/index.php\/wp-json\/wp\/v2\/media\/4019"}],"wp:attachment":[{"href":"https:\/\/www.oximedic.com.mx\/index.php\/wp-json\/wp\/v2\/media?parent=4018"}],"wp:term":[{"taxonomy":"product_cat","embeddable":true,"href":"https:\/\/www.oximedic.com.mx\/index.php\/wp-json\/wp\/v2\/product_cat?post=4018"},{"taxonomy":"product_tag","embeddable":true,"href":"https:\/\/www.oximedic.com.mx\/index.php\/wp-json\/wp\/v2\/product_tag?post=4018"}],"curies":[{"name":"wp","href":"https:\/\/api.w.org\/{rel}","templated":true}]}}