

{"id":4069,"date":"2015-11-21T23:12:03","date_gmt":"2015-11-22T05:12:03","guid":{"rendered":"http:\/\/www.customysite.com\/demo\/medirenta\/index.php\/producto\/silla-comoda-alum-ruedas-2\/"},"modified":"2026-05-13T21:44:42","modified_gmt":"2026-05-14T03:44:42","slug":"asiento-grua-s-comodo","status":"publish","type":"product","link":"https:\/\/www.oximedic.com.mx\/index.php\/producto\/asiento-grua-s-comodo\/","title":{"rendered":"Asiento para Gr\u00faa s\/ C\u00f3modo"},"content":{"rendered":"","protected":false},"excerpt":{"rendered":"<p>Fabricado en malla de Nylon de importaci\u00f3n, costuras en nylon, las cintas de sujetaci\u00f3n son de poli\u00e9ster nylon, con refuerzos de loneta,\u00a0el material de nylon es ligero, facilita\u00a0 su limpieza y secado en corto tiempo, f\u00e1cil de doblar y guardar.<\/p>\n","protected":false},"featured_media":4070,"comment_status":"open","ping_status":"closed","template":"","meta":[],"product_cat":[93,95],"product_tag":[81],"_links":{"self":[{"href":"https:\/\/www.oximedic.com.mx\/index.php\/wp-json\/wp\/v2\/product\/4069"}],"collection":[{"href":"https:\/\/www.oximedic.com.mx\/index.php\/wp-json\/wp\/v2\/product"}],"about":[{"href":"https:\/\/www.oximedic.com.mx\/index.php\/wp-json\/wp\/v2\/types\/product"}],"replies":[{"embeddable":true,"href":"https:\/\/www.oximedic.com.mx\/index.php\/wp-json\/wp\/v2\/comments?post=4069"}],"wp:featuredmedia":[{"embeddable":true,"href":"https:\/\/www.oximedic.com.mx\/index.php\/wp-json\/wp\/v2\/media\/4070"}],"wp:attachment":[{"href":"https:\/\/www.oximedic.com.mx\/index.php\/wp-json\/wp\/v2\/media?parent=4069"}],"wp:term":[{"taxonomy":"product_cat","embeddable":true,"href":"https:\/\/www.oximedic.com.mx\/index.php\/wp-json\/wp\/v2\/product_cat?post=4069"},{"taxonomy":"product_tag","embeddable":true,"href":"https:\/\/www.oximedic.com.mx\/index.php\/wp-json\/wp\/v2\/product_tag?post=4069"}],"curies":[{"name":"wp","href":"https:\/\/api.w.org\/{rel}","templated":true}]}}