

{"id":4073,"date":"2015-11-21T23:15:36","date_gmt":"2015-11-22T05:15:36","guid":{"rendered":"http:\/\/www.customysite.com\/demo\/medirenta\/index.php\/producto\/asiento-grua-c-comodo-2\/"},"modified":"2016-04-22T17:39:27","modified_gmt":"2016-04-22T23:39:27","slug":"asiento-grua-c-comodo-2","status":"publish","type":"product","link":"https:\/\/www.oximedic.com.mx\/index.php\/producto\/asiento-grua-c-comodo-2\/","title":{"rendered":"Asiento para Gr\u00faa c\/ C\u00f3modo &#8211; 2"},"content":{"rendered":"","protected":false},"excerpt":{"rendered":"<p>Novedoso dise\u00f1o ultra reforzado con ajuste de altura m\u00e1s sencillo.\u00a0Los Arneses para elevador de pacientes son f\u00e1ciles de usar, ya que se adaptan a la mayor\u00eda de las necesidad de los usuarios.<\/p>\n","protected":false},"featured_media":4075,"comment_status":"open","ping_status":"closed","template":"","meta":[],"product_cat":[93,95],"product_tag":[81],"_links":{"self":[{"href":"https:\/\/www.oximedic.com.mx\/index.php\/wp-json\/wp\/v2\/product\/4073"}],"collection":[{"href":"https:\/\/www.oximedic.com.mx\/index.php\/wp-json\/wp\/v2\/product"}],"about":[{"href":"https:\/\/www.oximedic.com.mx\/index.php\/wp-json\/wp\/v2\/types\/product"}],"replies":[{"embeddable":true,"href":"https:\/\/www.oximedic.com.mx\/index.php\/wp-json\/wp\/v2\/comments?post=4073"}],"wp:featuredmedia":[{"embeddable":true,"href":"https:\/\/www.oximedic.com.mx\/index.php\/wp-json\/wp\/v2\/media\/4075"}],"wp:attachment":[{"href":"https:\/\/www.oximedic.com.mx\/index.php\/wp-json\/wp\/v2\/media?parent=4073"}],"wp:term":[{"taxonomy":"product_cat","embeddable":true,"href":"https:\/\/www.oximedic.com.mx\/index.php\/wp-json\/wp\/v2\/product_cat?post=4073"},{"taxonomy":"product_tag","embeddable":true,"href":"https:\/\/www.oximedic.com.mx\/index.php\/wp-json\/wp\/v2\/product_tag?post=4073"}],"curies":[{"name":"wp","href":"https:\/\/api.w.org\/{rel}","templated":true}]}}