

{"id":4081,"date":"2015-11-21T23:26:47","date_gmt":"2015-11-22T05:26:47","guid":{"rendered":"http:\/\/www.customysite.com\/demo\/medirenta\/index.php\/producto\/sillon-reposet-2\/"},"modified":"2016-04-22T17:39:03","modified_gmt":"2016-04-22T23:39:03","slug":"sillon-reposet-2","status":"publish","type":"product","link":"https:\/\/www.oximedic.com.mx\/index.php\/producto\/sillon-reposet-2\/","title":{"rendered":"Sillon Reposet El\u00e9ctrico"},"content":{"rendered":"","protected":false},"excerpt":{"rendered":"<p>Sill\u00f3n El\u00e9ctrico de 3 posiciones que levanta y acuesta totalmente al paciente Completamente el\u00e9ctrico se maneja con control remoto procedencia americana.<\/p>\n","protected":false},"featured_media":4082,"comment_status":"open","ping_status":"closed","template":"","meta":[],"product_cat":[93,96],"product_tag":[81],"_links":{"self":[{"href":"https:\/\/www.oximedic.com.mx\/index.php\/wp-json\/wp\/v2\/product\/4081"}],"collection":[{"href":"https:\/\/www.oximedic.com.mx\/index.php\/wp-json\/wp\/v2\/product"}],"about":[{"href":"https:\/\/www.oximedic.com.mx\/index.php\/wp-json\/wp\/v2\/types\/product"}],"replies":[{"embeddable":true,"href":"https:\/\/www.oximedic.com.mx\/index.php\/wp-json\/wp\/v2\/comments?post=4081"}],"wp:featuredmedia":[{"embeddable":true,"href":"https:\/\/www.oximedic.com.mx\/index.php\/wp-json\/wp\/v2\/media\/4082"}],"wp:attachment":[{"href":"https:\/\/www.oximedic.com.mx\/index.php\/wp-json\/wp\/v2\/media?parent=4081"}],"wp:term":[{"taxonomy":"product_cat","embeddable":true,"href":"https:\/\/www.oximedic.com.mx\/index.php\/wp-json\/wp\/v2\/product_cat?post=4081"},{"taxonomy":"product_tag","embeddable":true,"href":"https:\/\/www.oximedic.com.mx\/index.php\/wp-json\/wp\/v2\/product_tag?post=4081"}],"curies":[{"name":"wp","href":"https:\/\/api.w.org\/{rel}","templated":true}]}}