

{"id":4114,"date":"2015-11-21T23:55:34","date_gmt":"2015-11-22T05:55:34","guid":{"rendered":"http:\/\/www.customysite.com\/demo\/medirenta\/index.php\/producto\/baston-4-apoyos-2\/"},"modified":"2016-04-22T17:36:58","modified_gmt":"2016-04-22T23:36:58","slug":"baston-mango-estadita-madera","status":"publish","type":"product","link":"https:\/\/www.oximedic.com.mx\/index.php\/producto\/baston-mango-estadita-madera\/","title":{"rendered":"Baston Mango Estadita Madera"},"content":{"rendered":"","protected":false},"excerpt":{"rendered":"<p>Se puede usar un bast\u00f3n para apoyarse. Puede ser una buena opci\u00f3n si usted s\u00f3lo necesita un poco de ayuda con el equilibrio y la estabilidad o si su pierna s\u00f3lo est\u00e1 un poco d\u00e9bil o adolorida.<\/p>\n","protected":false},"featured_media":4107,"comment_status":"open","ping_status":"closed","template":"","meta":[],"product_cat":[100,99],"product_tag":[81],"_links":{"self":[{"href":"https:\/\/www.oximedic.com.mx\/index.php\/wp-json\/wp\/v2\/product\/4114"}],"collection":[{"href":"https:\/\/www.oximedic.com.mx\/index.php\/wp-json\/wp\/v2\/product"}],"about":[{"href":"https:\/\/www.oximedic.com.mx\/index.php\/wp-json\/wp\/v2\/types\/product"}],"replies":[{"embeddable":true,"href":"https:\/\/www.oximedic.com.mx\/index.php\/wp-json\/wp\/v2\/comments?post=4114"}],"wp:featuredmedia":[{"embeddable":true,"href":"https:\/\/www.oximedic.com.mx\/index.php\/wp-json\/wp\/v2\/media\/4107"}],"wp:attachment":[{"href":"https:\/\/www.oximedic.com.mx\/index.php\/wp-json\/wp\/v2\/media?parent=4114"}],"wp:term":[{"taxonomy":"product_cat","embeddable":true,"href":"https:\/\/www.oximedic.com.mx\/index.php\/wp-json\/wp\/v2\/product_cat?post=4114"},{"taxonomy":"product_tag","embeddable":true,"href":"https:\/\/www.oximedic.com.mx\/index.php\/wp-json\/wp\/v2\/product_tag?post=4114"}],"curies":[{"name":"wp","href":"https:\/\/api.w.org\/{rel}","templated":true}]}}