

{"id":4187,"date":"2015-11-22T11:44:32","date_gmt":"2015-11-22T17:44:32","guid":{"rendered":"http:\/\/www.customysite.com\/demo\/medirenta\/index.php\/producto\/ahorrador-oxigeno-electrico-2\/"},"modified":"2016-04-22T17:33:38","modified_gmt":"2016-04-22T23:33:38","slug":"ahorrador-oxigeno-mecanico","status":"publish","type":"product","link":"https:\/\/www.oximedic.com.mx\/index.php\/producto\/ahorrador-oxigeno-mecanico\/","title":{"rendered":"Ahorrador de Ox\u00edgeno Mec\u00e1nico"},"content":{"rendered":"","protected":false},"excerpt":{"rendered":"<p><strong>Ahorrador de Oxigeno Mec\u00e1nico\u00a0para Tanque.<\/strong><\/p>\n","protected":false},"featured_media":4180,"comment_status":"open","ping_status":"closed","template":"","meta":[],"product_cat":[112,110],"product_tag":[81],"_links":{"self":[{"href":"https:\/\/www.oximedic.com.mx\/index.php\/wp-json\/wp\/v2\/product\/4187"}],"collection":[{"href":"https:\/\/www.oximedic.com.mx\/index.php\/wp-json\/wp\/v2\/product"}],"about":[{"href":"https:\/\/www.oximedic.com.mx\/index.php\/wp-json\/wp\/v2\/types\/product"}],"replies":[{"embeddable":true,"href":"https:\/\/www.oximedic.com.mx\/index.php\/wp-json\/wp\/v2\/comments?post=4187"}],"wp:featuredmedia":[{"embeddable":true,"href":"https:\/\/www.oximedic.com.mx\/index.php\/wp-json\/wp\/v2\/media\/4180"}],"wp:attachment":[{"href":"https:\/\/www.oximedic.com.mx\/index.php\/wp-json\/wp\/v2\/media?parent=4187"}],"wp:term":[{"taxonomy":"product_cat","embeddable":true,"href":"https:\/\/www.oximedic.com.mx\/index.php\/wp-json\/wp\/v2\/product_cat?post=4187"},{"taxonomy":"product_tag","embeddable":true,"href":"https:\/\/www.oximedic.com.mx\/index.php\/wp-json\/wp\/v2\/product_tag?post=4187"}],"curies":[{"name":"wp","href":"https:\/\/api.w.org\/{rel}","templated":true}]}}