

{"id":4188,"date":"2015-11-22T11:46:27","date_gmt":"2015-11-22T17:46:27","guid":{"rendered":"http:\/\/www.customysite.com\/demo\/medirenta\/index.php\/producto\/ahorrador-oxigeno-mecanico-2\/"},"modified":"2016-04-22T17:33:29","modified_gmt":"2016-04-22T23:33:29","slug":"canula-nasal","status":"publish","type":"product","link":"https:\/\/www.oximedic.com.mx\/index.php\/producto\/canula-nasal\/","title":{"rendered":"C\u00e1nulas Nasales"},"content":{"rendered":"","protected":false},"excerpt":{"rendered":"<p>Canula (Puntas Nasales) fabricada en PVC Grado M\u00e9dico, Canula Nasal \u00f3 Bigotera con tubo de conexi\u00f3n Flexible de 2.10 mts de longitud y di\u00e1metro interno de 2.00 mm, con adaptador universal para ensamble a fuente de ox\u00edgeno<\/p>\n<p><strong>Producto desechable no est\u00e9ril en empaque individual.<\/strong><\/p>\n","protected":false},"featured_media":4181,"comment_status":"open","ping_status":"closed","template":"","meta":[],"product_cat":[112,110],"product_tag":[81],"_links":{"self":[{"href":"https:\/\/www.oximedic.com.mx\/index.php\/wp-json\/wp\/v2\/product\/4188"}],"collection":[{"href":"https:\/\/www.oximedic.com.mx\/index.php\/wp-json\/wp\/v2\/product"}],"about":[{"href":"https:\/\/www.oximedic.com.mx\/index.php\/wp-json\/wp\/v2\/types\/product"}],"replies":[{"embeddable":true,"href":"https:\/\/www.oximedic.com.mx\/index.php\/wp-json\/wp\/v2\/comments?post=4188"}],"wp:featuredmedia":[{"embeddable":true,"href":"https:\/\/www.oximedic.com.mx\/index.php\/wp-json\/wp\/v2\/media\/4181"}],"wp:attachment":[{"href":"https:\/\/www.oximedic.com.mx\/index.php\/wp-json\/wp\/v2\/media?parent=4188"}],"wp:term":[{"taxonomy":"product_cat","embeddable":true,"href":"https:\/\/www.oximedic.com.mx\/index.php\/wp-json\/wp\/v2\/product_cat?post=4188"},{"taxonomy":"product_tag","embeddable":true,"href":"https:\/\/www.oximedic.com.mx\/index.php\/wp-json\/wp\/v2\/product_tag?post=4188"}],"curies":[{"name":"wp","href":"https:\/\/api.w.org\/{rel}","templated":true}]}}