

{"id":4205,"date":"2015-11-22T12:38:37","date_gmt":"2015-11-22T18:38:37","guid":{"rendered":"http:\/\/www.customysite.com\/demo\/medirenta\/index.php\/producto\/bateria-inogen-g2-10hrs-2\/"},"modified":"2015-11-22T12:41:42","modified_gmt":"2015-11-22T18:41:42","slug":"bateria-inogen-g1-3hrs","status":"publish","type":"product","link":"https:\/\/www.oximedic.com.mx\/index.php\/producto\/bateria-inogen-g1-3hrs\/","title":{"rendered":"Bater\u00eda 3 Hrs Inogen One G1"},"content":{"rendered":"","protected":false},"excerpt":{"rendered":"<p>Bater\u00eda de 3 horas para concentrador de ox\u00edgeno Inogen One G1.<\/p>\n","protected":false},"featured_media":4201,"comment_status":"open","ping_status":"closed","template":"","meta":[],"product_cat":[112,111,110],"product_tag":[129,81],"_links":{"self":[{"href":"https:\/\/www.oximedic.com.mx\/index.php\/wp-json\/wp\/v2\/product\/4205"}],"collection":[{"href":"https:\/\/www.oximedic.com.mx\/index.php\/wp-json\/wp\/v2\/product"}],"about":[{"href":"https:\/\/www.oximedic.com.mx\/index.php\/wp-json\/wp\/v2\/types\/product"}],"replies":[{"embeddable":true,"href":"https:\/\/www.oximedic.com.mx\/index.php\/wp-json\/wp\/v2\/comments?post=4205"}],"wp:featuredmedia":[{"embeddable":true,"href":"https:\/\/www.oximedic.com.mx\/index.php\/wp-json\/wp\/v2\/media\/4201"}],"wp:attachment":[{"href":"https:\/\/www.oximedic.com.mx\/index.php\/wp-json\/wp\/v2\/media?parent=4205"}],"wp:term":[{"taxonomy":"product_cat","embeddable":true,"href":"https:\/\/www.oximedic.com.mx\/index.php\/wp-json\/wp\/v2\/product_cat?post=4205"},{"taxonomy":"product_tag","embeddable":true,"href":"https:\/\/www.oximedic.com.mx\/index.php\/wp-json\/wp\/v2\/product_tag?post=4205"}],"curies":[{"name":"wp","href":"https:\/\/api.w.org\/{rel}","templated":true}]}}