

{"id":4208,"date":"2015-11-22T12:49:48","date_gmt":"2015-11-22T18:49:48","guid":{"rendered":"http:\/\/www.customysite.com\/demo\/medirenta\/index.php\/producto\/bateria-inogen-g2-5hrs-2\/"},"modified":"2016-04-22T12:13:13","modified_gmt":"2016-04-22T18:13:13","slug":"bateria-inogen-g3-4-5hrs","status":"publish","type":"product","link":"https:\/\/www.oximedic.com.mx\/index.php\/producto\/bateria-inogen-g3-4-5hrs\/","title":{"rendered":"Bater\u00eda Peque\u00f1a 4.5 Hrs Inogen One G3"},"content":{"rendered":"","protected":false},"excerpt":{"rendered":"<p>Bater\u00eda de Litio de 8 Celdas. Muchos pacientes optaron por comprar bater\u00edas adicionales para aumentar su independencia. Cada bater\u00eda tiene una autonom\u00eda de 3,5 a 4 horas hasta 2LPM. Siempre conectado con alimentaci\u00f3n AC o DC, la bater\u00eda se recarga autom\u00e1ticamente.<\/p>\n","protected":false},"featured_media":4209,"comment_status":"open","ping_status":"closed","template":"","meta":[],"product_cat":[112,111,110],"product_tag":[127,81],"_links":{"self":[{"href":"https:\/\/www.oximedic.com.mx\/index.php\/wp-json\/wp\/v2\/product\/4208"}],"collection":[{"href":"https:\/\/www.oximedic.com.mx\/index.php\/wp-json\/wp\/v2\/product"}],"about":[{"href":"https:\/\/www.oximedic.com.mx\/index.php\/wp-json\/wp\/v2\/types\/product"}],"replies":[{"embeddable":true,"href":"https:\/\/www.oximedic.com.mx\/index.php\/wp-json\/wp\/v2\/comments?post=4208"}],"wp:featuredmedia":[{"embeddable":true,"href":"https:\/\/www.oximedic.com.mx\/index.php\/wp-json\/wp\/v2\/media\/4209"}],"wp:attachment":[{"href":"https:\/\/www.oximedic.com.mx\/index.php\/wp-json\/wp\/v2\/media?parent=4208"}],"wp:term":[{"taxonomy":"product_cat","embeddable":true,"href":"https:\/\/www.oximedic.com.mx\/index.php\/wp-json\/wp\/v2\/product_cat?post=4208"},{"taxonomy":"product_tag","embeddable":true,"href":"https:\/\/www.oximedic.com.mx\/index.php\/wp-json\/wp\/v2\/product_tag?post=4208"}],"curies":[{"name":"wp","href":"https:\/\/api.w.org\/{rel}","templated":true}]}}