

{"id":4222,"date":"2015-11-22T13:17:31","date_gmt":"2015-11-22T19:17:31","guid":{"rendered":"http:\/\/www.customysite.com\/demo\/medirenta\/index.php\/producto\/oxitote-682-lts-2\/"},"modified":"2021-01-21T12:18:03","modified_gmt":"2021-01-21T18:18:03","slug":"tanque-682-lts-2","status":"publish","type":"product","link":"https:\/\/www.oximedic.com.mx\/index.php\/producto\/tanque-682-lts-2\/","title":{"rendered":"Tanque de Ox\u00edgeno 682 lts"},"content":{"rendered":"","protected":false},"excerpt":{"rendered":"<p>Un cilindro de ox\u00edgeno (tambi\u00e9n llamado tanque de ox\u00edgeno, bala de ox\u00edgeno o botella de ox\u00edgeno) es un recipiente de almacenaje de ox\u00edgeno, tanto bajo presi\u00f3n en cilindros de gas o como ox\u00edgeno l\u00edquido en tanques de almacenaje criog\u00e9nicos. Nuestros tanques son para uso medicinal.<\/p>\n","protected":false},"featured_media":4224,"comment_status":"open","ping_status":"closed","template":"","meta":[],"product_cat":[110,113],"product_tag":[81],"_links":{"self":[{"href":"https:\/\/www.oximedic.com.mx\/index.php\/wp-json\/wp\/v2\/product\/4222"}],"collection":[{"href":"https:\/\/www.oximedic.com.mx\/index.php\/wp-json\/wp\/v2\/product"}],"about":[{"href":"https:\/\/www.oximedic.com.mx\/index.php\/wp-json\/wp\/v2\/types\/product"}],"replies":[{"embeddable":true,"href":"https:\/\/www.oximedic.com.mx\/index.php\/wp-json\/wp\/v2\/comments?post=4222"}],"wp:featuredmedia":[{"embeddable":true,"href":"https:\/\/www.oximedic.com.mx\/index.php\/wp-json\/wp\/v2\/media\/4224"}],"wp:attachment":[{"href":"https:\/\/www.oximedic.com.mx\/index.php\/wp-json\/wp\/v2\/media?parent=4222"}],"wp:term":[{"taxonomy":"product_cat","embeddable":true,"href":"https:\/\/www.oximedic.com.mx\/index.php\/wp-json\/wp\/v2\/product_cat?post=4222"},{"taxonomy":"product_tag","embeddable":true,"href":"https:\/\/www.oximedic.com.mx\/index.php\/wp-json\/wp\/v2\/product_tag?post=4222"}],"curies":[{"name":"wp","href":"https:\/\/api.w.org\/{rel}","templated":true}]}}